{"id":832,"date":"2024-03-24T18:23:27","date_gmt":"2024-03-24T17:23:27","guid":{"rendered":"https:\/\/www.lemarie-paris.com\/savoir-faire\/flowers\/"},"modified":"2024-07-05T14:51:19","modified_gmt":"2024-07-05T12:51:19","slug":"flowers","status":"publish","type":"page","link":"https:\/\/www.lemarie-paris.com\/en\/savoir-faire\/flowers\/","title":{"rendered":"Flowers"},"content":{"rendered":"\n<div class=\"wp-block-columns is-layout-flex wp-container-core-columns-is-layout-9d6595d7 wp-block-columns-is-layout-flex\">\n<div class=\"wp-block-column is-layout-flow wp-block-column-is-layout-flow\" style=\"flex-basis:40%\">\n<p style=\"font-style:normal;font-weight:500\">From the 1950s onwards, Lemari\u00e9 developed the art of the flower in its ateliers alongside that of the feather.<\/p>\n\n\n\n<p style=\"font-style:normal;font-weight:500\">While the Lemari\u00e9 was already the partner to the great fashion houses of the day, from Nina Ricci to Dior, it was the encounter with Gabrielle Chanel in the early 1960s that marked a decisive turning point in its floral activity and the production of the iconic camellia, which is constantly renewed with every new collection.<\/p>\n\n\n\n<p style=\"font-style:normal;font-weight:400\">Today, Lemari\u00e9 offers an exceptional range of flowers: camellias, dahlias, peonies, carnations, anemones, poppies, tulips, orchids and roses all come in organza, tulle, leather, velvet, satin, chiffon, tweed, organdie, feathers, fur, leather, rhodoid&#8230;<\/p>\n<\/div>\n\n\n\n<div class=\"wp-block-column is-layout-flow wp-block-column-is-layout-flow\" style=\"flex-basis:40%\">\n<p>The fabric petals are cut using unique die cutting irons that have been carefully maintained over the years to form a true library. Every petal is then shaped with an embossing ball, embroidered, engraved, crushed or frayed&#8230; Before finally being mounted as a flower.<br\/><br\/>Each one of these delicate techniques has been perfected over time by the artisans who act as guardians of a living heritage of skills and tools, inherited from the history of their atelier.<\/p>\n<\/div>\n<\/div>\n\n<div class=\"wp-block-buttons is-layout-flex wp-block-buttons-is-layout-flex\" style=\"text-transform:uppercase\">\n<div class=\"wp-block-button has-custom-font-size is-style-outline has-small-font-size is-style-outline--1\" style=\"font-style:normal;font-weight:700\"><a class=\"wp-block-button__link has-black-color has-white-background-color has-text-color has-background has-link-color wp-element-button\" href=\"https:\/\/www.lemarie-paris.com\/en\/contact\/\" style=\"border-radius:0px\">Contact<\/a><\/div>\n<\/div>\n\n<h2 class=\"wp-block-heading mt-5\"><strong>Achievements<\/strong><\/h2>\n\n<figure class=\"wp-block-gallery has-nested-images columns-2 is-cropped wp-block-gallery-2 is-layout-flex wp-block-gallery-is-layout-flex\"><div class=\"wp-block-image\">\n<figure class=\"aligncenter size-full\"><img decoding=\"async\" data-id=\"612\" src=\"https:\/\/www.lemarie-paris.com\/wp-content\/uploads\/sites\/15\/2024\/04\/1.-&#xA9;CHANEL-MDA-22-DAKAR-Lemarie-scaled.jpg\" alt=\"\" class=\"wp-image-612\"\/><figcaption class=\"wp-element-caption\"><strong>CHANEL M\u00c9TIERS D&#8217;ART 22 <\/strong><br\/><strong>MINI CAMELLIAS FABRICS, FEATHERS AND CRYSTAL EMBROIDERY<\/strong><br\/>\u00a9CHANEL<\/figcaption><\/figure>\n<\/div>\n\n\n<figure class=\"wp-block-image size-full\"><img decoding=\"async\" data-id=\"614\" src=\"https:\/\/www.lemarie-paris.com\/wp-content\/uploads\/sites\/15\/2024\/04\/2.-&#xA9;CHANEL-HAUTE-COUTURE-PE-2024-LEMARIE.jpg\" alt=\"\" class=\"wp-image-614\"\/><figcaption class=\"wp-element-caption\"><strong>CHANEL HAUTE COUTURE P\/E 24<\/strong><br\/><strong>ALL OVER DE FLEURS ET FEUILLES EN PLUMES PEINTES MAIN<\/strong> <br\/>Photo CHANEL<\/figcaption><\/figure>\n\n\n\n<figure class=\"wp-block-image size-full\"><img decoding=\"async\" data-id=\"618\" src=\"https:\/\/www.lemarie-paris.com\/wp-content\/uploads\/sites\/15\/2024\/04\/4.-&#xA9;CHANEL-HAUTE-COUTURE-PE-2024-Lemarie.jpg\" alt=\"\" class=\"wp-image-618\"\/><figcaption class=\"wp-element-caption\"><strong>CHANEL HAUTE COUTURE P\/E 24<\/strong> <br\/><strong>PR\u00c9PARATION DE MINI CAMELIAS IRIS\u00c9S<\/strong> <br\/>Photo CHANEL<\/figcaption><\/figure>\n\n\n\n<figure class=\"wp-block-image size-full\"><img decoding=\"async\" data-id=\"620\" src=\"https:\/\/www.lemarie-paris.com\/wp-content\/uploads\/sites\/15\/2024\/04\/5.-&#xA9;CHANEL-HAUTE-COUTURE-PE-2024-Lemarie.jpg\" alt=\"\" class=\"wp-image-620\"\/><figcaption class=\"wp-element-caption\"><strong>CHANEL HAUTE COUTURE P\/E 24<\/strong><br\/><strong>MEDUSA CAMELLIAS ADORNED WITH OSTRICH PINCHES<\/strong><br\/>Photo : Alix Marnat<\/figcaption><\/figure>\n\n\n\n<figure class=\"wp-block-image size-full\"><img decoding=\"async\" data-id=\"616\" src=\"https:\/\/www.lemarie-paris.com\/wp-content\/uploads\/sites\/15\/2024\/04\/3.-&#xA9;CHANEL-HAUTE-COUTURE-PE-2024-Lemarie.jpg\" alt=\"\" class=\"wp-image-616\"\/><figcaption class=\"wp-element-caption\"><strong><strong>CHANEL HAUTE COUTURE P\/E 24<\/strong> <br\/>PREPARING IRIDESCENT MINI CAMELIAS<\/strong> <br\/>\u00a9CHANEL <br\/>Photo : Alix Marnat<\/figcaption><\/figure>\n\n\n<div class=\"wp-block-image\">\n<figure class=\"aligncenter size-full\"><img decoding=\"async\" data-id=\"622\" src=\"https:\/\/www.lemarie-paris.com\/wp-content\/uploads\/sites\/15\/2024\/04\/5.-CHANEL-&#xA9;Romain-Cieutat-fleur-LEMARIE-scaled.jpg\" alt=\"\" class=\"wp-image-622\"\/><figcaption class=\"wp-element-caption\"><strong>CHANEL M\u00c9TIERS D&#8217;ART 20<\/strong><br\/><strong>CAMELLIAS ALL OVER<\/strong><br\/>Photo : Romain Cieutat<\/figcaption><\/figure>\n<\/div>\n\n\n<figure class=\"wp-block-image size-full\"><img decoding=\"async\" data-id=\"626\" src=\"https:\/\/www.lemarie-paris.com\/wp-content\/uploads\/sites\/15\/2024\/04\/7.-&#xA9;CHANEL-HAUTE-COUTURE-21-FW-LEMARIE.jpg\" alt=\"\" class=\"wp-image-626\"\/><figcaption class=\"wp-element-caption\"><strong>CHANEL HAUTE COUTURE F\/W 21<\/strong> <br\/><strong>EMBOSSED FLOWERS INKJET PRINTING AND HAND PAINTING<\/strong><br\/>\u00a9CHANEL<\/figcaption><\/figure>\n\n\n\n<figure class=\"wp-block-image size-full\"><img decoding=\"async\" data-id=\"624\" src=\"https:\/\/www.lemarie-paris.com\/wp-content\/uploads\/sites\/15\/2024\/04\/6.-&#xA9;CHANEL-MDA-2020.jpg\" alt=\"\" class=\"wp-image-624\"\/><figcaption class=\"wp-element-caption\"><strong>CHANEL M\u00c9TIERS D&#8217;ART 20<\/strong> <br\/><strong>CAMELLIAS ALL OVER<\/strong><br\/>\u00a9CHANEL<\/figcaption><\/figure>\n<\/figure>\n\n<div style=\"height:20px\" aria-hidden=\"true\" class=\"wp-block-spacer\"><\/div>\n\n<figure class=\"wp-block-video\"><video controls=\"\" src=\"https:\/\/www.lemarie-paris.com\/wp-content\/themes\/lemarie\/assets\/videos\/romain cieutat.mp4\"><\/video><\/figure>\n\n<div style=\"height:20px\" aria-hidden=\"true\" class=\"wp-block-spacer\"><\/div>\n\n<figure class=\"wp-block-gallery has-nested-images columns-2 is-cropped wp-block-gallery-3 is-layout-flex wp-block-gallery-is-layout-flex\">\n<figure class=\"wp-block-image size-full\"><img decoding=\"async\" data-id=\"1789\" src=\"https:\/\/www.lemarie-paris.com\/wp-content\/uploads\/sites\/15\/2024\/05\/8.-&#xA9;CHANEL-MDA-AH-2023-24-edited-1.jpg\" alt=\"\" class=\"wp-image-1789\"\/><figcaption class=\"wp-element-caption\"><strong><strong>CHANEL M\u00c9TIERS D\u2019ART 23-24<\/strong><\/strong><br\/><strong>900 MINI CAMELIAS CHECKERBOARD IN VARNISHED LEATHER<\/strong><\/figcaption><\/figure>\n\n\n\n<figure class=\"wp-block-image size-full\"><img decoding=\"async\" data-id=\"630\" src=\"https:\/\/www.lemarie-paris.com\/wp-content\/uploads\/sites\/15\/2024\/04\/9.-&#xA9;CHANEL-MDA-AH-2023-24-Alix-Marnat-LEMARIE.jpg\" alt=\"\" class=\"wp-image-630\"\/><figcaption class=\"wp-element-caption\"><strong><strong><strong><strong>CHANEL M\u00c9TIERS D&#8217;ART <\/strong>23-24<\/strong><\/strong><\/strong><br\/><strong>900 MINI CAMELIAS CHECKERBOARD IN VARNISHED LEATHER<\/strong><br\/>\u00a9CHANEL<br\/>Photo : Alix Marnat<\/figcaption><\/figure>\n\n\n\n<figure class=\"wp-block-image size-full\"><img decoding=\"async\" data-id=\"632\" src=\"https:\/\/www.lemarie-paris.com\/wp-content\/uploads\/sites\/15\/2024\/04\/10.-&#xA9;CHANEL-Metiers-dart-AH-2023-24-Alix-Marnat-Lemarie.jpg\" alt=\"\" class=\"wp-image-632\"\/><figcaption class=\"wp-element-caption\"><strong><strong><strong>CHANEL M\u00c9TIERS D&#8217;ART <\/strong>23-24<\/strong><\/strong><br\/><strong>MINI CAMELLIA<\/strong><br\/>Photo : Alix Marnat<\/figcaption><\/figure>\n\n\n\n<figure class=\"wp-block-image size-full\"><img decoding=\"async\" data-id=\"634\" src=\"https:\/\/www.lemarie-paris.com\/wp-content\/uploads\/sites\/15\/2024\/04\/10.-&#xA9;CHANEL-MDA-AH-2023-24-Alix-Marnat-Lemarie.jpg\" alt=\"\" class=\"wp-image-634\"\/><figcaption class=\"wp-element-caption\"><strong><strong><strong><strong>CHANEL M\u00c9TIERS D&#8217;ART <\/strong>23-24<\/strong><\/strong><\/strong><br\/><strong>MINI CAMELLIA<\/strong><br\/>Photo : Alix Marnat<\/figcaption><\/figure>\n\n\n\n<figure class=\"wp-block-image size-full\"><img decoding=\"async\" data-id=\"636\" src=\"https:\/\/www.lemarie-paris.com\/wp-content\/uploads\/sites\/15\/2024\/04\/11.-&#xA9;CHANEL-PAP-SS-24-Lemarie.jpg\" alt=\"\" class=\"wp-image-636\"\/><figcaption class=\"wp-element-caption\"><strong>CHANEL PAP S\/S 24<\/strong><br\/><strong>ACCESSOIRE CHEVEUX CAM\u00c9LIA<\/strong><\/figcaption><\/figure>\n\n\n\n<figure class=\"wp-block-image size-full\"><img decoding=\"async\" data-id=\"638\" src=\"https:\/\/www.lemarie-paris.com\/wp-content\/uploads\/sites\/15\/2024\/04\/12.-&#xA9;CHANEL-PAP-2023-AH-LEMARIE.jpg\" alt=\"\" class=\"wp-image-638\"\/><figcaption class=\"wp-element-caption\"><strong>CHANEL PAP A\/H 23<\/strong><br\/><strong>BROCHE CAM\u00c9LIA<\/strong><br\/>\u00a9CHANEL<\/figcaption><\/figure>\n\n\n\n<figure class=\"wp-block-image size-full\"><img decoding=\"async\" data-id=\"642\" src=\"https:\/\/www.lemarie-paris.com\/wp-content\/uploads\/sites\/15\/2024\/04\/14.-&#xA9;CHANEL-Photo-Alix-Marnat-Lemarie-6.jpg\" alt=\"\" class=\"wp-image-642\"\/><figcaption class=\"wp-element-caption\"><strong>CHANEL<\/strong> <br\/><strong>HAND SHAPED TWEED CAMELLIA<\/strong><br\/>Photo Alix Marnat<\/figcaption><\/figure>\n\n\n\n<figure class=\"wp-block-image size-full\"><img decoding=\"async\" data-id=\"640\" src=\"https:\/\/www.lemarie-paris.com\/wp-content\/uploads\/sites\/15\/2024\/04\/13.-&#xA9;CHANEL-HAUTE-COUTURE-2018-LEMARIE.jpg\" alt=\"\" class=\"wp-image-640\"\/><figcaption class=\"wp-element-caption\"><strong>CHANEL HAUTE COUTURE S\/S 19<\/strong><br\/><strong>ALL OVER DE FLEURS PLASTIQUES PEINTES MAIN<\/strong><br\/>Photo Alix Marnat<\/figcaption><\/figure>\n\n\n\n<figure class=\"wp-block-image size-full\"><img decoding=\"async\" data-id=\"646\" src=\"https:\/\/www.lemarie-paris.com\/wp-content\/uploads\/sites\/15\/2024\/04\/16.-&#xA9;CHANEL-HAUTE-COUTURE-FW-20-21-Photo-Alix-Marnat.jpg\" alt=\"\" class=\"wp-image-646\"\/><figcaption class=\"wp-element-caption\"><strong>CHANEL HAUTE COUTURE F\/W 20-21<\/strong><br\/><strong>GAUFFRURE \u00c0 LA PRESSE<\/strong><br\/>Photo : Alix Marnat<\/figcaption><\/figure>\n\n\n\n<figure class=\"wp-block-image size-full\"><img decoding=\"async\" data-id=\"644\" src=\"https:\/\/www.lemarie-paris.com\/wp-content\/uploads\/sites\/15\/2024\/04\/15.-&#xA9;CHANEL-MDA-AH-2023-24-Alix-Marnat-Lemarie.jpg\" alt=\"\" class=\"wp-image-644\"\/><figcaption class=\"wp-element-caption\"><strong>CHANEL M\u00c9TIERS D&#8217;ART 23-24<\/strong><br\/><strong>CC FLORAL<\/strong><br\/>\u00a9CHANEL<br\/>Photo : Alix Marnat<\/figcaption><\/figure>\n\n\n\n<figure class=\"wp-block-image size-full\"><img decoding=\"async\" data-id=\"654\" src=\"https:\/\/www.lemarie-paris.com\/wp-content\/uploads\/sites\/15\/2024\/04\/20.-&#xA9;CHANEL-Photo-Alix-Marnat-Lemarie.jpg\" alt=\"\" class=\"wp-image-654\"\/><figcaption class=\"wp-element-caption\"><strong>CHANEL <\/strong> <strong>M\u00c9TIERS D&#8217;ART 19<\/strong><br\/><strong>CAMELLIA PETAL IN FEATHER MARQUETRY<\/strong><br\/>Photo : Alix Marnat<\/figcaption><\/figure>\n\n\n\n<figure class=\"wp-block-image size-full\"><img decoding=\"async\" data-id=\"652\" src=\"https:\/\/www.lemarie-paris.com\/wp-content\/uploads\/sites\/15\/2024\/04\/19.-&#xA9;CHANEL-Photo-Alix-Marnat-Lemarie.jpg\" alt=\"\" class=\"wp-image-652\"\/><figcaption class=\"wp-element-caption\"><strong>CHANEL <\/strong> <strong>M\u00c9TIERS D&#8217;ART 19<\/strong><br\/><strong>CAMELLIA PETAL IN FEATHER MARQUETRY<\/strong><br\/>Photo : Alix Marnat<\/figcaption><\/figure>\n\n\n<div class=\"wp-block-image\">\n<figure class=\"aligncenter size-full\"><img decoding=\"async\" data-id=\"650\" src=\"https:\/\/www.lemarie-paris.com\/wp-content\/uploads\/sites\/15\/2024\/04\/18.-&#xA9;CHANEL-Photo-Alix-Marnat-Lemarie-scaled.jpg\" alt=\"\" class=\"wp-image-650\"\/><figcaption class=\"wp-element-caption\"><strong>CHANEL<\/strong><br\/><strong>HAND SHAPED JASMIN PETAL<\/strong><br\/>Photo : Alix Marnat<\/figcaption><\/figure>\n<\/div>\n\n\n<figure class=\"wp-block-image size-full\"><img decoding=\"async\" data-id=\"648\" src=\"https:\/\/www.lemarie-paris.com\/wp-content\/uploads\/sites\/15\/2024\/04\/17.-&#xA9;CHANEL-Photo-Alix-Marnat-Lemarie-1.jpg\" alt=\"\" class=\"wp-image-648\"\/><figcaption class=\"wp-element-caption\"><strong>CHANEL<\/strong><br\/><strong>CAMELLIA HEART<\/strong><br\/>Photo : Alix Marnat<\/figcaption><\/figure>\n\n\n\n<figure class=\"wp-block-image size-full\"><img decoding=\"async\" data-id=\"656\" src=\"https:\/\/www.lemarie-paris.com\/wp-content\/uploads\/sites\/15\/2024\/04\/21.-&#xA9;CHANEL-MDA-Alix-Marnat-Lemarie.jpg\" alt=\"\" class=\"wp-image-656\"\/><figcaption class=\"wp-element-caption\"><strong>CHANEL<\/strong><br\/><strong>PETALS CUTTINGS<\/strong><br\/>Photo : Alix Marnat<\/figcaption><\/figure>\n<\/figure>\n","protected":false},"excerpt":{"rendered":"<p>From the 1950s onwards, Lemari\u00e9 developed the art of the flower in its ateliers alongside that of the feather. While the Lemari\u00e9 was already the partner to the great fashion houses of the day, from Nina Ricci to Dior, it was the encounter with Gabrielle Chanel in the early 1960s that marked a decisive turning [&hellip;]<\/p>\n","protected":false},"author":1,"featured_media":861,"parent":828,"menu_order":9,"comment_status":"closed","ping_status":"closed","template":"","meta":{"_acf_changed":false,"inline_featured_image":false,"footnotes":""},"class_list":["post-832","page","type-page","status-publish","has-post-thumbnail","hentry"],"acf":[],"yoast_head":"<!-- This site is optimized with the Yoast SEO plugin v27.5 - https:\/\/yoast.com\/product\/yoast-seo-wordpress\/ -->\n<title>Flowers - LEMARI\u00c9<\/title>\n<meta name=\"robots\" content=\"index, follow, max-snippet:-1, max-image-preview:large, max-video-preview:-1\" \/>\n<link rel=\"canonical\" href=\"https:\/\/www.lemarie-paris.com\/en\/savoir-faire\/flowers\/\" \/>\n<meta property=\"og:locale\" content=\"en_US\" \/>\n<meta property=\"og:type\" content=\"article\" \/>\n<meta property=\"og:title\" content=\"Flowers - LEMARI\u00c9\" \/>\n<meta property=\"og:description\" content=\"From the 1950s onwards, Lemari\u00e9 developed the art of the flower in its ateliers alongside that of the feather. While the Lemari\u00e9 was already the partner to the great fashion houses of the day, from Nina Ricci to Dior, it was the encounter with Gabrielle Chanel in the early 1960s that marked a decisive turning [&hellip;]\" \/>\n<meta property=\"og:url\" content=\"https:\/\/www.lemarie-paris.com\/en\/savoir-faire\/flowers\/\" \/>\n<meta property=\"og:site_name\" content=\"LEMARI\u00c9\" \/>\n<meta property=\"article:modified_time\" content=\"2024-07-05T12:51:19+00:00\" \/>\n<meta property=\"og:image\" content=\"https:\/\/www.lemarie-paris.com\/wp-content\/uploads\/sites\/15\/2024\/04\/la-fleur.jpg\" \/>\n\t<meta property=\"og:image:width\" content=\"520\" \/>\n\t<meta property=\"og:image:height\" content=\"780\" \/>\n\t<meta property=\"og:image:type\" content=\"image\/jpeg\" \/>\n<meta name=\"twitter:card\" content=\"summary_large_image\" \/>\n<meta name=\"twitter:label1\" content=\"Est. reading time\" \/>\n\t<meta name=\"twitter:data1\" content=\"7 minutes\" \/>\n<script type=\"application\/ld+json\" class=\"yoast-schema-graph\">{\"@context\":\"https:\\\/\\\/schema.org\",\"@graph\":[{\"@type\":\"WebPage\",\"@id\":\"https:\\\/\\\/www.lemarie-paris.com\\\/en\\\/savoir-faire\\\/flowers\\\/\",\"url\":\"https:\\\/\\\/www.lemarie-paris.com\\\/en\\\/savoir-faire\\\/flowers\\\/\",\"name\":\"Flowers - LEMARI\u00c9\",\"isPartOf\":{\"@id\":\"https:\\\/\\\/www.lemarie-paris.com\\\/en\\\/#website\"},\"primaryImageOfPage\":{\"@id\":\"https:\\\/\\\/www.lemarie-paris.com\\\/en\\\/savoir-faire\\\/flowers\\\/#primaryimage\"},\"image\":{\"@id\":\"https:\\\/\\\/www.lemarie-paris.com\\\/en\\\/savoir-faire\\\/flowers\\\/#primaryimage\"},\"thumbnailUrl\":\"https:\\\/\\\/www.lemarie-paris.com\\\/wp-content\\\/uploads\\\/sites\\\/15\\\/2024\\\/04\\\/la-fleur.jpg\",\"datePublished\":\"2024-03-24T17:23:27+00:00\",\"dateModified\":\"2024-07-05T12:51:19+00:00\",\"breadcrumb\":{\"@id\":\"https:\\\/\\\/www.lemarie-paris.com\\\/en\\\/savoir-faire\\\/flowers\\\/#breadcrumb\"},\"inLanguage\":\"en-US\",\"potentialAction\":[{\"@type\":\"ReadAction\",\"target\":[\"https:\\\/\\\/www.lemarie-paris.com\\\/en\\\/savoir-faire\\\/flowers\\\/\"]}]},{\"@type\":\"ImageObject\",\"inLanguage\":\"en-US\",\"@id\":\"https:\\\/\\\/www.lemarie-paris.com\\\/en\\\/savoir-faire\\\/flowers\\\/#primaryimage\",\"url\":\"https:\\\/\\\/www.lemarie-paris.com\\\/wp-content\\\/uploads\\\/sites\\\/15\\\/2024\\\/04\\\/la-fleur.jpg\",\"contentUrl\":\"https:\\\/\\\/www.lemarie-paris.com\\\/wp-content\\\/uploads\\\/sites\\\/15\\\/2024\\\/04\\\/la-fleur.jpg\",\"width\":520,\"height\":780},{\"@type\":\"BreadcrumbList\",\"@id\":\"https:\\\/\\\/www.lemarie-paris.com\\\/en\\\/savoir-faire\\\/flowers\\\/#breadcrumb\",\"itemListElement\":[{\"@type\":\"ListItem\",\"position\":1,\"name\":\"Accueil\",\"item\":\"https:\\\/\\\/www.lemarie-paris.com\\\/en\\\/\"},{\"@type\":\"ListItem\",\"position\":2,\"name\":\"Savoir-faire\",\"item\":\"https:\\\/\\\/www.lemarie-paris.com\\\/en\\\/savoir-faire\\\/\"},{\"@type\":\"ListItem\",\"position\":3,\"name\":\"Flowers\"}]},{\"@type\":\"WebSite\",\"@id\":\"https:\\\/\\\/www.lemarie-paris.com\\\/en\\\/#website\",\"url\":\"https:\\\/\\\/www.lemarie-paris.com\\\/en\\\/\",\"name\":\"LEMARI\u00c9\",\"description\":\"Plumassier et Fleuriste\",\"publisher\":{\"@id\":\"https:\\\/\\\/www.lemarie-paris.com\\\/en\\\/#organization\"},\"potentialAction\":[{\"@type\":\"SearchAction\",\"target\":{\"@type\":\"EntryPoint\",\"urlTemplate\":\"https:\\\/\\\/www.lemarie-paris.com\\\/en\\\/?s={search_term_string}\"},\"query-input\":{\"@type\":\"PropertyValueSpecification\",\"valueRequired\":true,\"valueName\":\"search_term_string\"}}],\"inLanguage\":\"en-US\"},{\"@type\":\"Organization\",\"@id\":\"https:\\\/\\\/www.lemarie-paris.com\\\/en\\\/#organization\",\"name\":\"LEMARI\u00c9\",\"url\":\"https:\\\/\\\/www.lemarie-paris.com\\\/en\\\/\",\"logo\":{\"@type\":\"ImageObject\",\"inLanguage\":\"en-US\",\"@id\":\"https:\\\/\\\/www.lemarie-paris.com\\\/en\\\/#\\\/schema\\\/logo\\\/image\\\/\",\"url\":\"https:\\\/\\\/www.lemarie-paris.com\\\/wp-content\\\/uploads\\\/sites\\\/15\\\/2024\\\/03\\\/logo-lemarie.svg\",\"contentUrl\":\"https:\\\/\\\/www.lemarie-paris.com\\\/wp-content\\\/uploads\\\/sites\\\/15\\\/2024\\\/03\\\/logo-lemarie.svg\",\"width\":130,\"height\":26,\"caption\":\"LEMARI\u00c9\"},\"image\":{\"@id\":\"https:\\\/\\\/www.lemarie-paris.com\\\/en\\\/#\\\/schema\\\/logo\\\/image\\\/\"}}]}<\/script>\n<!-- \/ Yoast SEO plugin. -->","yoast_head_json":{"title":"Flowers - LEMARI\u00c9","robots":{"index":"index","follow":"follow","max-snippet":"max-snippet:-1","max-image-preview":"max-image-preview:large","max-video-preview":"max-video-preview:-1"},"canonical":"https:\/\/www.lemarie-paris.com\/en\/savoir-faire\/flowers\/","og_locale":"en_US","og_type":"article","og_title":"Flowers - LEMARI\u00c9","og_description":"From the 1950s onwards, Lemari\u00e9 developed the art of the flower in its ateliers alongside that of the feather. While the Lemari\u00e9 was already the partner to the great fashion houses of the day, from Nina Ricci to Dior, it was the encounter with Gabrielle Chanel in the early 1960s that marked a decisive turning [&hellip;]","og_url":"https:\/\/www.lemarie-paris.com\/en\/savoir-faire\/flowers\/","og_site_name":"LEMARI\u00c9","article_modified_time":"2024-07-05T12:51:19+00:00","og_image":[{"width":520,"height":780,"url":"https:\/\/www.lemarie-paris.com\/wp-content\/uploads\/sites\/15\/2024\/04\/la-fleur.jpg","type":"image\/jpeg"}],"twitter_card":"summary_large_image","twitter_misc":{"Est. reading time":"7 minutes"},"schema":{"@context":"https:\/\/schema.org","@graph":[{"@type":"WebPage","@id":"https:\/\/www.lemarie-paris.com\/en\/savoir-faire\/flowers\/","url":"https:\/\/www.lemarie-paris.com\/en\/savoir-faire\/flowers\/","name":"Flowers - LEMARI\u00c9","isPartOf":{"@id":"https:\/\/www.lemarie-paris.com\/en\/#website"},"primaryImageOfPage":{"@id":"https:\/\/www.lemarie-paris.com\/en\/savoir-faire\/flowers\/#primaryimage"},"image":{"@id":"https:\/\/www.lemarie-paris.com\/en\/savoir-faire\/flowers\/#primaryimage"},"thumbnailUrl":"https:\/\/www.lemarie-paris.com\/wp-content\/uploads\/sites\/15\/2024\/04\/la-fleur.jpg","datePublished":"2024-03-24T17:23:27+00:00","dateModified":"2024-07-05T12:51:19+00:00","breadcrumb":{"@id":"https:\/\/www.lemarie-paris.com\/en\/savoir-faire\/flowers\/#breadcrumb"},"inLanguage":"en-US","potentialAction":[{"@type":"ReadAction","target":["https:\/\/www.lemarie-paris.com\/en\/savoir-faire\/flowers\/"]}]},{"@type":"ImageObject","inLanguage":"en-US","@id":"https:\/\/www.lemarie-paris.com\/en\/savoir-faire\/flowers\/#primaryimage","url":"https:\/\/www.lemarie-paris.com\/wp-content\/uploads\/sites\/15\/2024\/04\/la-fleur.jpg","contentUrl":"https:\/\/www.lemarie-paris.com\/wp-content\/uploads\/sites\/15\/2024\/04\/la-fleur.jpg","width":520,"height":780},{"@type":"BreadcrumbList","@id":"https:\/\/www.lemarie-paris.com\/en\/savoir-faire\/flowers\/#breadcrumb","itemListElement":[{"@type":"ListItem","position":1,"name":"Accueil","item":"https:\/\/www.lemarie-paris.com\/en\/"},{"@type":"ListItem","position":2,"name":"Savoir-faire","item":"https:\/\/www.lemarie-paris.com\/en\/savoir-faire\/"},{"@type":"ListItem","position":3,"name":"Flowers"}]},{"@type":"WebSite","@id":"https:\/\/www.lemarie-paris.com\/en\/#website","url":"https:\/\/www.lemarie-paris.com\/en\/","name":"LEMARI\u00c9","description":"Plumassier et Fleuriste","publisher":{"@id":"https:\/\/www.lemarie-paris.com\/en\/#organization"},"potentialAction":[{"@type":"SearchAction","target":{"@type":"EntryPoint","urlTemplate":"https:\/\/www.lemarie-paris.com\/en\/?s={search_term_string}"},"query-input":{"@type":"PropertyValueSpecification","valueRequired":true,"valueName":"search_term_string"}}],"inLanguage":"en-US"},{"@type":"Organization","@id":"https:\/\/www.lemarie-paris.com\/en\/#organization","name":"LEMARI\u00c9","url":"https:\/\/www.lemarie-paris.com\/en\/","logo":{"@type":"ImageObject","inLanguage":"en-US","@id":"https:\/\/www.lemarie-paris.com\/en\/#\/schema\/logo\/image\/","url":"https:\/\/www.lemarie-paris.com\/wp-content\/uploads\/sites\/15\/2024\/03\/logo-lemarie.svg","contentUrl":"https:\/\/www.lemarie-paris.com\/wp-content\/uploads\/sites\/15\/2024\/03\/logo-lemarie.svg","width":130,"height":26,"caption":"LEMARI\u00c9"},"image":{"@id":"https:\/\/www.lemarie-paris.com\/en\/#\/schema\/logo\/image\/"}}]}},"_links":{"self":[{"href":"https:\/\/www.lemarie-paris.com\/en\/wp-json\/wp\/v2\/pages\/832","targetHints":{"allow":["GET"]}}],"collection":[{"href":"https:\/\/www.lemarie-paris.com\/en\/wp-json\/wp\/v2\/pages"}],"about":[{"href":"https:\/\/www.lemarie-paris.com\/en\/wp-json\/wp\/v2\/types\/page"}],"author":[{"embeddable":true,"href":"https:\/\/www.lemarie-paris.com\/en\/wp-json\/wp\/v2\/users\/1"}],"replies":[{"embeddable":true,"href":"https:\/\/www.lemarie-paris.com\/en\/wp-json\/wp\/v2\/comments?post=832"}],"version-history":[{"count":0,"href":"https:\/\/www.lemarie-paris.com\/en\/wp-json\/wp\/v2\/pages\/832\/revisions"}],"up":[{"embeddable":true,"href":"https:\/\/www.lemarie-paris.com\/en\/wp-json\/wp\/v2\/pages\/828"}],"wp:featuredmedia":[{"embeddable":true,"href":"https:\/\/www.lemarie-paris.com\/en\/wp-json\/wp\/v2\/media\/861"}],"wp:attachment":[{"href":"https:\/\/www.lemarie-paris.com\/en\/wp-json\/wp\/v2\/media?parent=832"}],"curies":[{"name":"wp","href":"https:\/\/api.w.org\/{rel}","templated":true}]}}